{"id":1999,"date":"2025-12-26T07:40:33","date_gmt":"2025-12-26T05:40:33","guid":{"rendered":"https:\/\/wiki.roius.fi\/?page_id=1999"},"modified":"2026-04-21T06:28:33","modified_gmt":"2026-04-21T04:28:33","slug":"paivitykset","status":"publish","type":"page","link":"https:\/\/wiki.roius.fi\/?page_id=1999","title":{"rendered":"P\u00e4ivitykset"},"content":{"rendered":"\t\t<div data-elementor-type=\"wp-page\" data-elementor-id=\"1999\" class=\"elementor elementor-1999\">\n\t\t\t\t<div class=\"elementor-element elementor-element-6e434a7 e-flex e-con-boxed e-con e-parent\" data-id=\"6e434a7\" data-element_type=\"container\">\n\t\t\t\t\t<div class=\"e-con-inner\">\n\t\t\t\t<div class=\"elementor-element elementor-element-9dfcbbc elementor-widget elementor-widget-text-editor\" data-id=\"9dfcbbc\" data-element_type=\"widget\" data-widget_type=\"text-editor.default\">\n\t\t\t\t\t\t\t\t\t<h2>P\u00e4ivitykset ja lis\u00e4ykset<\/h2><p><strong>21.4.2026<\/strong><\/p><ul><li>Leikkej\u00e4 2-3 vuotiaille<\/li><\/ul><p><strong>28.2.2026<\/strong><\/p><ul><li>Uimakoulujen kalenteri kev\u00e4\u00e4lle 2026<\/li><li>Uimakoulukokous 22.2.2026<\/li><\/ul><p><strong>29.1.2026<\/strong><\/p><ul><li>Pelastustaidot uimakoulu- ja muille ryhmille<\/li><\/ul><p><strong>15.1.2026<\/strong><\/p><ul><li>Turvallisuussuunnitelma: apu ison altaan ryhm\u00e4st\u00e4<\/li><\/ul><p><strong>9.1.2026<\/strong><\/p><ul><li>Taaperokokous 1\/2026<\/li><\/ul><p><strong>8.1.2026<\/strong><\/p><ul><li>Kalojen syksyn 2025 kausisuunnitelma<\/li><li>Taaperotavatoiden p\u00e4ivitys<\/li><\/ul><p><strong>6.1.1026<\/strong><\/p><ul><li>Whatsapp-ohje uimaopettajille<\/li><\/ul><p><strong>3.1.2026<\/strong><\/p><ul><li>Uimakoulujen alkeisopetus<\/li><\/ul><p><strong>30.12.2025<\/strong><\/p><ul><li>Mediapankki: seuran ja uimakouluryhmien logot<\/li><\/ul><p><strong>29.12.2025<\/strong><\/p><ul><li>Vapaauinnin ohjeiden ensimm\u00e4inen versio<\/li><\/ul><p><strong>28.12.2025<\/strong><\/p><ul><li>Ohje ylivilkkaiden lasten k\u00e4sittelyyn<\/li><li>Apuohjaajakurssin ohjelma<\/li><\/ul><p><strong>27.12.2025<\/strong><\/p><ul><li>Ongelmatilanteiden k\u00e4sittely<\/li><li>Seuran vastuuhenkil\u00f6t<\/li><li>Valmennuslinjaus<\/li><li>Someohje<\/li><li>Seuran s\u00e4\u00e4nn\u00f6t<\/li><li>Arvot, visio ja strategia<\/li><li>Hyv\u00e4n harjoituksen tunnusmerkit<\/li><\/ul><p><strong>26.12.2025<\/strong><\/p><ul><li>Taaperokokous 10\/2025<\/li><li>Taapero-ohjaajien roolit ja rutiinit<\/li><li>Taaperoryhmien teemoja<\/li><li>Taaperoiden lelut ja muut tavarat<\/li><li>Opetusaltaan teemoja<\/li><li>Vesiliikuntakerhon ohjaajien opas<\/li><\/ul><p><strong>25.12.2025<\/strong><\/p><ul><li>Ohjeita apuopettajille<\/li><li>Ryhm\u00e4vastaavien ohje<\/li><li>Kokouksien j\u00e4rjest\u00e4j\u00e4n ohje<\/li><li>Uimakouluvastaavien teht\u00e4v\u00e4t<\/li><li>Rantauimakoulujen turvallisuussuunnitelma<\/li><li>Yleinen turvallisuussuunnitelma<\/li><\/ul><p><strong>24.12.2025<\/strong><\/p><ul><li>Taaperokokous 12\/2025<\/li><li>Uimakoulukokous 10\/2025<\/li><\/ul><p><strong>23.12.2025<\/strong><\/p><ul><li>Vuosikello<\/li><li>Leikkipankit<\/li><li>Palkat<\/li><li>Uimakoulujen tavoitteet<\/li><li>Uimakoulujen kausisuunnitelmien mallit<\/li><\/ul><p>Edellist\u00e4 wiki\u00e4 ei voinut en\u00e4\u00e4 p\u00e4ivitt\u00e4\u00e4, joten t\u00e4st\u00e4 alkaa uusi versio.<\/p>\t\t\t\t\t\t\t\t<\/div>\n\t\t\t\t\t<\/div>\n\t\t\t\t<\/div>\n\t\t\t\t<\/div>\n\t\t","protected":false},"excerpt":{"rendered":"<p>P\u00e4ivitykset ja lis\u00e4ykset 21.4.2026 Leikkej\u00e4 2-3 vuotiaille 28.2.2026 Uimakoulujen kalenteri kev\u00e4\u00e4lle 2026 Uimakoulukokous 22.2.2026 29.1.2026 Pelastustaidot uimakoulu- ja muille ryhmille 15.1.2026 Turvallisuussuunnitelma: apu ison altaan ryhm\u00e4st\u00e4 9.1.2026 Taaperokokous 1\/2026 8.1.2026 Kalojen syksyn 2025 kausisuunnitelma Taaperotavatoiden p\u00e4ivitys 6.1.1026 Whatsapp-ohje uimaopettajille 3.1.2026 Uimakoulujen alkeisopetus 30.12.2025 Mediapankki: seuran ja uimakouluryhmien logot 29.12.2025 Vapaauinnin ohjeiden ensimm\u00e4inen versio 28.12.2025 Ohje [&hellip;]<\/p>\n","protected":false},"author":3,"featured_media":0,"parent":0,"menu_order":0,"comment_status":"closed","ping_status":"closed","template":"","meta":{"footnotes":""},"class_list":["post-1999","page","type-page","status-publish","hentry","entry"],"_links":{"self":[{"href":"https:\/\/wiki.roius.fi\/index.php?rest_route=\/wp\/v2\/pages\/1999","targetHints":{"allow":["GET"]}}],"collection":[{"href":"https:\/\/wiki.roius.fi\/index.php?rest_route=\/wp\/v2\/pages"}],"about":[{"href":"https:\/\/wiki.roius.fi\/index.php?rest_route=\/wp\/v2\/types\/page"}],"author":[{"embeddable":true,"href":"https:\/\/wiki.roius.fi\/index.php?rest_route=\/wp\/v2\/users\/3"}],"replies":[{"embeddable":true,"href":"https:\/\/wiki.roius.fi\/index.php?rest_route=%2Fwp%2Fv2%2Fcomments&post=1999"}],"version-history":[{"count":73,"href":"https:\/\/wiki.roius.fi\/index.php?rest_route=\/wp\/v2\/pages\/1999\/revisions"}],"predecessor-version":[{"id":2589,"href":"https:\/\/wiki.roius.fi\/index.php?rest_route=\/wp\/v2\/pages\/1999\/revisions\/2589"}],"wp:attachment":[{"href":"https:\/\/wiki.roius.fi\/index.php?rest_route=%2Fwp%2Fv2%2Fmedia&parent=1999"}],"curies":[{"name":"wp","href":"https:\/\/api.w.org\/{rel}","templated":true}]}}